{"id":1352,"date":"2025-09-22T06:12:59","date_gmt":"2025-09-22T06:12:59","guid":{"rendered":"http:\/\/turbo.redq.io\/turbo\/?page_id=3"},"modified":"2025-09-30T04:49:41","modified_gmt":"2025-09-30T04:49:41","slug":"termeni-e-condizioni-di-noleggio","status":"publish","type":"page","link":"https:\/\/rentacarvenice.it\/ro\/termeni-si-conditii\/","title":{"rendered":"Termeni \u0219i condi\u021bii"},"content":{"rendered":"<div data-elementor-type=\"wp-page\" data-elementor-id=\"1352\" class=\"elementor elementor-1352\" data-elementor-post-type=\"page\">\n\t\t\t\t<div class=\"elementor-element elementor-element-2c1b058 e-flex e-con-boxed e-con e-parent\" data-id=\"2c1b058\" data-element_type=\"container\">\n\t\t\t\t\t<div class=\"e-con-inner\">\n\t\t\t\t<div class=\"elementor-element elementor-element-a0a01a5 elementor-widget elementor-widget-spacer\" data-id=\"a0a01a5\" data-element_type=\"widget\" data-widget_type=\"spacer.default\">\n\t\t\t\t<div class=\"elementor-widget-container\">\n\t\t\t\t\t\t\t<div class=\"elementor-spacer\">\n\t\t\t<div class=\"elementor-spacer-inner\"><\/div>\n\t\t<\/div>\n\t\t\t\t\t\t<\/div>\n\t\t\t\t<\/div>\n\t\t\t\t<div class=\"elementor-element elementor-element-cec0c19 elementor-widget elementor-widget-text-editor\" data-id=\"cec0c19\" data-element_type=\"widget\" data-widget_type=\"text-editor.default\">\n\t\t\t\t<div class=\"elementor-widget-container\">\n\t\t\t\t\t\t\t\t\t<h1 style=\"text-align: center;\"><span style=\"text-decoration: underline;\">\u00a0<strong data-start=\"307\" data-end=\"371\">Condi\u021bii generale pentru \u00eenchirierea de ma\u0219ini \u00een Vene\u021bia \u0219i Treviso<\/strong><\/span><\/h1><p data-start=\"373\" data-end=\"688\">Bun venit la Rent a Car Venice \u2013 alegerea ideal\u0103 pentru \u00eenchirierea unei ma\u0219ini \u00een Vene\u021bia, Treviso \u0219i \u00eemprejurimi. Oferim flexibilitate maxim\u0103, tarife transparente \u0219i posibilitatea de a \u00eenchiria o ma\u0219in\u0103 f\u0103r\u0103 card de credit.<br data-start=\"600\" data-end=\"603\" \/>Descoper\u0103 toate condi\u021biile contractuale pentru o \u00eenchiriere sigur\u0103 \u0219i f\u0103r\u0103 probleme.<\/p><h2><strong>1. Cerin\u021be de \u00eenchiriere<\/strong><\/h2><p>Per accedere al servizio di noleggio auto, il conducente deve avere almeno 21 anni, possedere una patente di guida valida da almeno 3 anni (categoria B) e presentare un documento d\u2019identit\u00e0 in corso di validit\u00e0. Il noleggio \u00e8 possibile anche senza carta di credito; in tal caso, il deposito cauzionale dovr\u00e0 essere versato in contanti oppure mediante carta di debito. Tutti i documenti devono essere presentati in originale al momento del ritiro del veicolo.<\/p><hr data-start=\"1098\" data-end=\"1101\" \/><h2 data-start=\"1103\" data-end=\"1133\"><span style=\"text-decoration: underline;\"><strong>2.Depozit de garan\u021bie<\/strong><\/span><\/h2><p data-start=\"1339\" data-end=\"1477\">Depozitul minim solicitat este de 350 \u20ac \u0219i poate varia \u00een func\u021bie de tipul de asigurare ales (Basic, Medium, Premium) \u0219i de categoria vehiculului (city car, standard, SUV, premium). Depozitul se restituie integral \u00een termen de 1\u20133 zile lucr\u0103toare dup\u0103 returnarea ma\u0219inii, cu condi\u021bia s\u0103 nu fi fost constatate daune sau \u00eenc\u0103lc\u0103ri.<\/p><hr data-start=\"1479\" data-end=\"1482\" \/><h2 data-start=\"1484\" data-end=\"1519\">3. Rezervare \u0219i Plat\u0103<\/h2><p>Rezervarea se consider\u0103 confirmat\u0103 doar dup\u0103 o comunicare scris\u0103 din partea noastr\u0103. Plata poate fi solicitat\u0103 par\u021bial sau integral \u00een avans \u0219i poate fi efectuat\u0103 prin card de credit, card de debit, numerar sau transfer bancar.<\/p><hr data-start=\"1821\" data-end=\"1824\" \/><h2 data-start=\"1826\" data-end=\"1862\">4. Politica de Anulare<\/h2><p>Anularea este gratuit\u0103 p\u00e2n\u0103 la 48 de ore \u00eenainte de preluare. \u00cen caz de anulare \u00eentre 48 \u0219i 24 de ore \u00eenainte, se va aplica o penalizare de 30%. Pentru anul\u0103rile efectuate cu mai pu\u021bin de 24 de ore \u00eenainte sau \u00een caz de neprezentare, se va percepe o penalizare de 100%.<\/p><hr data-start=\"2029\" data-end=\"2032\" \/><h2 data-start=\"2034\" data-end=\"2076\">5. Preluarea \u0219i Returnarea Vehiculului<\/h2><p>\u00c8 possibile ritirare e consegnare l\u2019auto presso <span style=\"text-decoration: underline;\"><a href=\"https:\/\/www.trevisoairport.it\/it_it\/\">l\u2019Aeroporto di Treviso<\/a><\/span>, l\u2019Aeroporto di Venezia, stazioni ferroviarie, hotel o sedi partner. Il servizio di ritiro in un aeroporto e riconsegna in un altro \u00e8 disponibile con un supplemento di \u20ac50. Per ritiri o riconsegne effettuati in orari notturni o nei giorni festivi, si applica una tassa aggiuntiva di \u20ac30. L\u2019auto deve essere riconsegnata con lo stesso livello di carburante con cui \u00e8 stata consegnata. Il cliente \u00e8 responsabile per eventuali danni, ritardi o mancanze riscontrate al momento della riconsegna.<\/p><hr data-start=\"2628\" data-end=\"2631\" \/><h2 data-start=\"2633\" data-end=\"2664\">6. Utilizarea Vehiculului<\/h2><p>Vehiculul poate fi utilizat doar pe teritoriul Italiei; ie\u0219irea peste grani\u021bele na\u021bionale este permis\u0103 exclusiv cu autoriza\u021bie scris\u0103. Este strict interzis\u0103 folosirea ma\u0219inii pentru competi\u021bii, activit\u0103\u021bi ilegale, conducerea sub influen\u021ba alcoolului sau drogurilor, precum \u0219i transportul de m\u0103rfuri periculoase. Clientul este responsabil pentru toate amenzile, sanc\u021biunile, daunele sau taxele de drum rezultate din utilizare necorespunz\u0103toare sau neglijen\u021b\u0103.<\/p><hr data-start=\"3082\" data-end=\"3085\" \/><h2 data-start=\"3087\" data-end=\"3123\">7. Asigur\u0103ri Disponibile<\/h2><p data-start=\"3375\" data-end=\"3470\">Toate vehiculele includ asigurarea obligatorie de r\u0103spundere civil\u0103 auto (RCA). Sunt disponibile trei niveluri de acoperire: Basic \u2013 inclus gratuit, Medium \u2013 15 \u20ac pe zi (reduce fran\u0219iza \u0219i depozitul), \u0219i Premium \u2013 20 \u20ac pe zi (protec\u021bie maxim\u0103). Cu c\u00e2t nivelul de acoperire ales este mai mare, cu at\u00e2t depozitul solicitat va fi mai mic \u0219i protec\u021bia oferit\u0103 mai mare.<\/p><hr data-start=\"3472\" data-end=\"3475\" \/><h2 data-start=\"3477\" data-end=\"3516\">8. Asisten\u021b\u0103 Rutier\u0103 \u0219i Defec\u021biuni<\/h2><p><span style=\"text-decoration: underline;\"><a href=\"https:\/\/rentacarvenice.it\/contatti\/\">L\u2019assistenza \u00e8 disponibile 24 ore su 24<\/a><\/span>, inclusi i weekend e i giorni festivi. In caso di guasto, \u00e8 necessario contattare immediatamente il nostro servizio clienti. Un veicolo sostitutivo potr\u00e0 essere fornito, a seconda del livello di copertura selezionato.<\/p><hr data-start=\"3746\" data-end=\"3749\" \/><h2 data-start=\"3751\" data-end=\"3784\">9. Returnarea Vehiculului<\/h2><p>Ma\u0219ina trebuie returnat\u0103 curat\u0103 \u0219i \u00een stare bun\u0103. Fiecare \u00eent\u00e2rziere de 2 ore poate atrage taxarea unei zile suplimentare. De asemenea, pot fi percepute costuri pentru cur\u0103\u021benie special\u0103 \u0219i pentru eventuale daune, neglijen\u021be sau utilizare necorespunz\u0103toare a vehiculului.<\/p><h2 data-start=\"4058\" data-end=\"4085\">10. Instan\u021ba Competent\u0103<\/h2><p data-start=\"4087\" data-end=\"4178\">Pentru orice litigiu juridic, instan\u021ba competent\u0103 este:\nTribunalul din Vene\u021bia, Italia.<br data-start=\"4143\" data-end=\"4146\" \/>Tribunale di Venezia, Italia.<\/p><h2 data-start=\"131\" data-end=\"203\"><span style=\"text-decoration: underline;\"><em><strong>Asigur\u0103ri \u00cenchirieri Auto Vene\u021bia Treviso \u2013 Tipuri de Acoperire<\/strong><\/em><\/span><\/h2><p data-start=\"205\" data-end=\"356\">Rent a Car Venice pune la dispozi\u021bie trei niveluri de asigurare, cu condi\u021bii \u0219i costuri diferite, pentru a se adapta diverselor nevoi de \u00eenchiriere.<\/p><hr data-start=\"358\" data-end=\"361\" \/><h2 data-start=\"363\" data-end=\"408\"><span style=\"text-decoration: underline;\">Asigurare Premium \u2013 20,00 \u20ac pe zi<\/span><\/h2><p data-start=\"410\" data-end=\"799\">Asigurarea Premium ofer\u0103 acoperire total\u0103 pentru daunele aduse vehiculului \u0219i exclude complet r\u0103spunderea financiar\u0103 \u00een caz de furt, chiar \u0219i \u00een zone considerate cu risc ridicat, precum Puglia, Campania \u0219i Sicilia. Protec\u021bia include caroseria, anvelopele, geamurile, interiorul \u0219i componentele mecanice. Sunt acoperite \u0219i daunele cauzate de fenomene meteo, acte de vandalism \u0219i incendii.<\/p><p data-start=\"801\" data-end=\"1165\">Daunele la partea inferioar\u0103 a vehiculului sunt incluse, la fel \u0219i asisten\u021ba rutier\u0103 prioritar\u0103 disponibil\u0103 24 de ore din 24. Gestionarea procedurilor administrative \u00een caz de accident sau furt este acoperit\u0103 integral, inclusiv cheltuielile tehnice \u0219i administrative. Pachetul include, de asemenea, al doilea \u0219ofer, \u0219oferii tineri \u0219i seniori, precum \u0219i tranzitul interna\u021bional.<\/p><p data-start=\"1167\" data-end=\"1257\">Aceast\u0103 formul\u0103 este indicat\u0103 pentru \u00eenchirieri pe termen lung sau pentru c\u0103l\u0103torii interregionale \u0219i interna\u021bionale.<\/p><hr data-start=\"1259\" data-end=\"1262\" \/><h2 data-start=\"1264\" data-end=\"1308\"><span style=\"text-decoration: underline;\">Asigurare Medium \u2013 15,00 \u20ac pe zi<\/span><\/h2><p data-start=\"1310\" data-end=\"1702\">Asigurarea Medium ofer\u0103 un echilibru \u00eentre acoperire \u0219i cost. Include acoperire total\u0103 pentru daunele aduse vehiculului \u0219i exclude r\u0103spunderea \u00een caz de furt, cu excep\u021bia zonelor cu risc ridicat unde acoperirea este limitat\u0103 la 50%. Protec\u021bia se aplic\u0103 pentru caroserie, anvelope, geamuri, interior \u0219i componente mecanice. Sunt incluse \u0219i daunele cauzate de intemperii, vandalism \u0219i incendii.<\/p><p data-start=\"1704\" data-end=\"2071\">Daunele la partea inferioar\u0103 a vehiculului sunt incluse, la fel \u0219i asisten\u021ba rutier\u0103 disponibil\u0103 24 de ore din 24. Gestionarea procedurilor legate de accidente \u0219i furturi este prev\u0103zut\u0103, cu excep\u021bia zonelor cu risc ridicat. Sunt incluse, de asemenea, cheltuielile administrative \u0219i costurile de imobilizare. Pachetul include al doilea \u0219ofer, \u0219oferii tineri \u0219i seniori, precum \u0219i tranzitul interna\u021bional.<\/p><p data-start=\"2073\" data-end=\"2134\">Aceast\u0103 formul\u0103 este potrivit\u0103 pentru c\u0103l\u0103tori frecven\u021bi \u0219i familii.<\/p><hr data-start=\"2136\" data-end=\"2139\" \/><h2 data-start=\"2141\" data-end=\"2183\"><span style=\"text-decoration: underline;\">Asigurare Basic \u2013 0,00 \u20ac pe zi<\/span><\/h2><p data-start=\"2185\" data-end=\"2571\">L\u2019assicurazione Basic rappresenta la soluzione economica con copertura essenziale. Prevede una responsabilit\u00e0 fino a \u20ac1.390,00 per danni al veicolo e fino a \u20ac1.800,00 in caso di furto, indipendentemente dalla zona. La protezione di base comprende carrozzeria, pneumatici, cristalli, interni e componenti meccanici, oltre ai danni derivanti da eventi atmosferici, vandalismo e incendi.<\/p><p data-start=\"2573\" data-end=\"2771\">L\u2019assistenza stradale \u00e8 inclusa, cos\u00ec come le spese di gestione e il fermo tecnico. Non sono compresi il secondo conducente, i conducenti sotto i 25 e sopra i 65 anni e il transito internazionale.<\/p><p data-start=\"2773\" data-end=\"2840\">\u00a0<\/p><p data-start=\"2302\" data-end=\"2351\">\u00a0<\/p>\t\t\t\t\t\t\t\t<\/div>\n\t\t\t\t<\/div>\n\t\t\t\t<div class=\"elementor-element elementor-element-b261f9c elementor-widget__width-initial elementor-widget-mobile__width-initial elementor-widget elementor-widget-image\" data-id=\"b261f9c\" data-element_type=\"widget\" data-widget_type=\"image.default\">\n\t\t\t\t<div class=\"elementor-widget-container\">\n\t\t\t\t\t\t\t\t\t\t\t\t\t\t\t\t<a href=\"https:\/\/rentacarvenice.it\/domande-frequenti\/\">\n\t\t\t\t\t\t\t<img fetchpriority=\"high\" decoding=\"async\" width=\"768\" height=\"235\" src=\"https:\/\/rentacarvenice.it\/wp-content\/uploads\/2025\/09\/renta-car-termsn-venezia.webp\" class=\"attachment-medium_large size-medium_large wp-image-19660\" alt=\"\" srcset=\"https:\/\/rentacarvenice.it\/wp-content\/uploads\/2025\/09\/renta-car-termsn-venezia.webp 768w, https:\/\/rentacarvenice.it\/wp-content\/uploads\/2025\/09\/renta-car-termsn-venezia-300x92.webp 300w, https:\/\/rentacarvenice.it\/wp-content\/uploads\/2025\/09\/renta-car-termsn-venezia-18x6.webp 18w, https:\/\/rentacarvenice.it\/wp-content\/uploads\/2025\/09\/renta-car-termsn-venezia-600x184.webp 600w\" sizes=\"(max-width: 768px) 100vw, 768px\" \/>\t\t\t\t\t\t\t\t<\/a>\n\t\t\t\t\t\t\t\t\t\t\t\t\t\t\t<\/div>\n\t\t\t\t<\/div>\n\t\t\t\t\t<\/div>\n\t\t\t\t<\/div>\n\t\t\t\t<\/div>","protected":false},"excerpt":{"rendered":"<p>\u00a0Condizioni Generali per il Noleggio Auto a Venezia e Treviso Benvenuti su Rent a Car Venice \u2013 la scelta ideale per il tuo noleggio auto a Venezia, Treviso e dintorni. Offriamo massima flessibilit\u00e0, tariffe trasparenti e la possibilit\u00e0 di noleggiare un\u2019auto senza carta di credito.Scopri tutte le condizioni contrattuali per noleggiare in sicurezza e senza [&hellip;]<\/p>","protected":false},"author":3,"featured_media":0,"parent":0,"menu_order":0,"comment_status":"closed","ping_status":"closed","template":"","meta":{"footnotes":""},"class_list":["post-1352","page","type-page","status-publish","hentry"],"yoast_head":"<!-- This site is optimized with the Yoast SEO plugin v24.9 - https:\/\/yoast.com\/wordpress\/plugins\/seo\/ -->\n<title>Noleggio Auto Venezia (VCE) e Treviso (TSF), Con Carta di Debito<\/title>\n<meta name=\"description\" content=\"Da noi puoi noleggiare un\u2019auto agli aeroporti di Venezia e Treviso pagando con carta di debito. Nessuna carta di credito richiesta.\" \/>\n<meta name=\"robots\" content=\"index, follow, max-snippet:-1, max-image-preview:large, max-video-preview:-1\" \/>\n<link rel=\"canonical\" href=\"https:\/\/rentacarvenice.it\/ro\/termeni-si-conditii\/\" \/>\n<meta property=\"og:locale\" content=\"ro_RO\" \/>\n<meta property=\"og:type\" content=\"article\" \/>\n<meta property=\"og:title\" content=\"Noleggio Auto Venezia (VCE) e Treviso (TSF), Con Carta di Debito\" \/>\n<meta property=\"og:description\" content=\"Da noi puoi noleggiare un\u2019auto agli aeroporti di Venezia e Treviso pagando con carta di debito. Nessuna carta di credito richiesta.\" \/>\n<meta property=\"og:url\" content=\"https:\/\/rentacarvenice.it\/ro\/termeni-si-conditii\/\" \/>\n<meta property=\"og:site_name\" content=\"Noleggio auto Venezia Treviso senza carta di credito.\" \/>\n<meta property=\"article:publisher\" content=\"https:\/\/www.facebook.com\/RentacarVenice\/\" \/>\n<meta property=\"article:modified_time\" content=\"2025-09-30T04:49:41+00:00\" \/>\n<meta property=\"og:image\" content=\"https:\/\/rentacarvenice.it\/wp-content\/uploads\/2025\/09\/renta-car-termsn-venezia.webp\" \/>\n<meta name=\"twitter:card\" content=\"summary_large_image\" \/>\n<meta name=\"twitter:label1\" content=\"Timp estimat pentru citire\" \/>\n\t<meta name=\"twitter:data1\" content=\"6 minute\" \/>\n<script type=\"application\/ld+json\" class=\"yoast-schema-graph\">{\"@context\":\"https:\/\/schema.org\",\"@graph\":[{\"@type\":\"WebPage\",\"@id\":\"https:\/\/rentacarvenice.it\/termeni-e-condizioni-di-noleggio\/\",\"url\":\"https:\/\/rentacarvenice.it\/termeni-e-condizioni-di-noleggio\/\",\"name\":\"Noleggio Auto Venezia (VCE) e Treviso (TSF), Con Carta di Debito\",\"isPartOf\":{\"@id\":\"https:\/\/rentacarvenice.it\/#website\"},\"primaryImageOfPage\":{\"@id\":\"https:\/\/rentacarvenice.it\/termeni-e-condizioni-di-noleggio\/#primaryimage\"},\"image\":{\"@id\":\"https:\/\/rentacarvenice.it\/termeni-e-condizioni-di-noleggio\/#primaryimage\"},\"thumbnailUrl\":\"https:\/\/rentacarvenice.it\/wp-content\/uploads\/2025\/09\/renta-car-termsn-venezia.webp\",\"datePublished\":\"2025-09-22T06:12:59+00:00\",\"dateModified\":\"2025-09-30T04:49:41+00:00\",\"description\":\"Da noi puoi noleggiare un\u2019auto agli aeroporti di Venezia e Treviso pagando con carta di debito. Nessuna carta di credito richiesta.\",\"breadcrumb\":{\"@id\":\"https:\/\/rentacarvenice.it\/termeni-e-condizioni-di-noleggio\/#breadcrumb\"},\"inLanguage\":\"ro-RO\",\"potentialAction\":[{\"@type\":\"ReadAction\",\"target\":[\"https:\/\/rentacarvenice.it\/termeni-e-condizioni-di-noleggio\/\"]}]},{\"@type\":\"ImageObject\",\"inLanguage\":\"ro-RO\",\"@id\":\"https:\/\/rentacarvenice.it\/termeni-e-condizioni-di-noleggio\/#primaryimage\",\"url\":\"https:\/\/rentacarvenice.it\/wp-content\/uploads\/2025\/09\/renta-car-termsn-venezia.webp\",\"contentUrl\":\"https:\/\/rentacarvenice.it\/wp-content\/uploads\/2025\/09\/renta-car-termsn-venezia.webp\"},{\"@type\":\"BreadcrumbList\",\"@id\":\"https:\/\/rentacarvenice.it\/termeni-e-condizioni-di-noleggio\/#breadcrumb\",\"itemListElement\":[{\"@type\":\"ListItem\",\"position\":1,\"name\":\"Home\",\"item\":\"https:\/\/rentacarvenice.it\/\"},{\"@type\":\"ListItem\",\"position\":2,\"name\":\"Termini e Condizioni\"}]},{\"@type\":\"WebSite\",\"@id\":\"https:\/\/rentacarvenice.it\/#website\",\"url\":\"https:\/\/rentacarvenice.it\/\",\"name\":\"Rent a car at Treviso Venice Airport \u2013 No Credit Card Needed\",\"description\":\"Noleggia un\u2019auto a Treviso o Venezia senza bisogno di carta di credito\",\"publisher\":{\"@id\":\"https:\/\/rentacarvenice.it\/#organization\"},\"alternateName\":\"Treviso Venice Airport Car Rental \u2013 Pay Without Credit Card\",\"potentialAction\":[{\"@type\":\"SearchAction\",\"target\":{\"@type\":\"EntryPoint\",\"urlTemplate\":\"https:\/\/rentacarvenice.it\/?s={search_term_string}\"},\"query-input\":{\"@type\":\"PropertyValueSpecification\",\"valueRequired\":true,\"valueName\":\"search_term_string\"}}],\"inLanguage\":\"ro-RO\"},{\"@type\":\"Organization\",\"@id\":\"https:\/\/rentacarvenice.it\/#organization\",\"name\":\"Car hire Treviso Venice Airport without credit card\",\"alternateName\":\"Treviso Venice car rental \u2013 no credit card needed\",\"url\":\"https:\/\/rentacarvenice.it\/\",\"logo\":{\"@type\":\"ImageObject\",\"inLanguage\":\"ro-RO\",\"@id\":\"https:\/\/rentacarvenice.it\/#\/schema\/logo\/image\/\",\"url\":\"https:\/\/rentacarvenice.it\/wp-content\/uploads\/2025\/04\/BMW-X5.png\",\"contentUrl\":\"https:\/\/rentacarvenice.it\/wp-content\/uploads\/2025\/04\/BMW-X5.png\",\"width\":1059,\"height\":1059,\"caption\":\"Car hire Treviso Venice Airport without credit card\"},\"image\":{\"@id\":\"https:\/\/rentacarvenice.it\/#\/schema\/logo\/image\/\"},\"sameAs\":[\"https:\/\/www.facebook.com\/RentacarVenice\/\"]}]}<\/script>\n<!-- \/ Yoast SEO plugin. -->","yoast_head_json":{"title":"Noleggio Auto Venezia (VCE) e Treviso (TSF), Con Carta di Debito","description":"Da noi puoi noleggiare un\u2019auto agli aeroporti di Venezia e Treviso pagando con carta di debito. Nessuna carta di credito richiesta.","robots":{"index":"index","follow":"follow","max-snippet":"max-snippet:-1","max-image-preview":"max-image-preview:large","max-video-preview":"max-video-preview:-1"},"canonical":"https:\/\/rentacarvenice.it\/ro\/termeni-si-conditii\/","og_locale":"ro_RO","og_type":"article","og_title":"Noleggio Auto Venezia (VCE) e Treviso (TSF), Con Carta di Debito","og_description":"Da noi puoi noleggiare un\u2019auto agli aeroporti di Venezia e Treviso pagando con carta di debito. Nessuna carta di credito richiesta.","og_url":"https:\/\/rentacarvenice.it\/ro\/termeni-si-conditii\/","og_site_name":"Noleggio auto Venezia Treviso senza carta di credito.","article_publisher":"https:\/\/www.facebook.com\/RentacarVenice\/","article_modified_time":"2025-09-30T04:49:41+00:00","og_image":[{"url":"https:\/\/rentacarvenice.it\/wp-content\/uploads\/2025\/09\/renta-car-termsn-venezia.webp","type":"","width":"","height":""}],"twitter_card":"summary_large_image","twitter_misc":{"Timp estimat pentru citire":"6 minute"},"schema":{"@context":"https:\/\/schema.org","@graph":[{"@type":"WebPage","@id":"https:\/\/rentacarvenice.it\/termeni-e-condizioni-di-noleggio\/","url":"https:\/\/rentacarvenice.it\/termeni-e-condizioni-di-noleggio\/","name":"Noleggio Auto Venezia (VCE) e Treviso (TSF), Con Carta di Debito","isPartOf":{"@id":"https:\/\/rentacarvenice.it\/#website"},"primaryImageOfPage":{"@id":"https:\/\/rentacarvenice.it\/termeni-e-condizioni-di-noleggio\/#primaryimage"},"image":{"@id":"https:\/\/rentacarvenice.it\/termeni-e-condizioni-di-noleggio\/#primaryimage"},"thumbnailUrl":"https:\/\/rentacarvenice.it\/wp-content\/uploads\/2025\/09\/renta-car-termsn-venezia.webp","datePublished":"2025-09-22T06:12:59+00:00","dateModified":"2025-09-30T04:49:41+00:00","description":"Da noi puoi noleggiare un\u2019auto agli aeroporti di Venezia e Treviso pagando con carta di debito. Nessuna carta di credito richiesta.","breadcrumb":{"@id":"https:\/\/rentacarvenice.it\/termeni-e-condizioni-di-noleggio\/#breadcrumb"},"inLanguage":"ro-RO","potentialAction":[{"@type":"ReadAction","target":["https:\/\/rentacarvenice.it\/termeni-e-condizioni-di-noleggio\/"]}]},{"@type":"ImageObject","inLanguage":"ro-RO","@id":"https:\/\/rentacarvenice.it\/termeni-e-condizioni-di-noleggio\/#primaryimage","url":"https:\/\/rentacarvenice.it\/wp-content\/uploads\/2025\/09\/renta-car-termsn-venezia.webp","contentUrl":"https:\/\/rentacarvenice.it\/wp-content\/uploads\/2025\/09\/renta-car-termsn-venezia.webp"},{"@type":"BreadcrumbList","@id":"https:\/\/rentacarvenice.it\/termeni-e-condizioni-di-noleggio\/#breadcrumb","itemListElement":[{"@type":"ListItem","position":1,"name":"Home","item":"https:\/\/rentacarvenice.it\/"},{"@type":"ListItem","position":2,"name":"Termini e Condizioni"}]},{"@type":"WebSite","@id":"https:\/\/rentacarvenice.it\/#website","url":"https:\/\/rentacarvenice.it\/","name":"Rent a car at Treviso Venice Airport \u2013 No Credit Card Needed","description":"Noleggia un\u2019auto a Treviso o Venezia senza bisogno di carta di credito","publisher":{"@id":"https:\/\/rentacarvenice.it\/#organization"},"alternateName":"Treviso Venice Airport Car Rental \u2013 Pay Without Credit Card","potentialAction":[{"@type":"SearchAction","target":{"@type":"EntryPoint","urlTemplate":"https:\/\/rentacarvenice.it\/?s={search_term_string}"},"query-input":{"@type":"PropertyValueSpecification","valueRequired":true,"valueName":"search_term_string"}}],"inLanguage":"ro-RO"},{"@type":"Organization","@id":"https:\/\/rentacarvenice.it\/#organization","name":"Car hire Treviso Venice Airport without credit card","alternateName":"Treviso Venice car rental \u2013 no credit card needed","url":"https:\/\/rentacarvenice.it\/","logo":{"@type":"ImageObject","inLanguage":"ro-RO","@id":"https:\/\/rentacarvenice.it\/#\/schema\/logo\/image\/","url":"https:\/\/rentacarvenice.it\/wp-content\/uploads\/2025\/04\/BMW-X5.png","contentUrl":"https:\/\/rentacarvenice.it\/wp-content\/uploads\/2025\/04\/BMW-X5.png","width":1059,"height":1059,"caption":"Car hire Treviso Venice Airport without credit card"},"image":{"@id":"https:\/\/rentacarvenice.it\/#\/schema\/logo\/image\/"},"sameAs":["https:\/\/www.facebook.com\/RentacarVenice\/"]}]}},"_links":{"self":[{"href":"https:\/\/rentacarvenice.it\/ro\/wp-json\/wp\/v2\/pages\/1352","targetHints":{"allow":["GET"]}}],"collection":[{"href":"https:\/\/rentacarvenice.it\/ro\/wp-json\/wp\/v2\/pages"}],"about":[{"href":"https:\/\/rentacarvenice.it\/ro\/wp-json\/wp\/v2\/types\/page"}],"author":[{"embeddable":true,"href":"https:\/\/rentacarvenice.it\/ro\/wp-json\/wp\/v2\/users\/3"}],"replies":[{"embeddable":true,"href":"https:\/\/rentacarvenice.it\/ro\/wp-json\/wp\/v2\/comments?post=1352"}],"version-history":[{"count":138,"href":"https:\/\/rentacarvenice.it\/ro\/wp-json\/wp\/v2\/pages\/1352\/revisions"}],"predecessor-version":[{"id":19677,"href":"https:\/\/rentacarvenice.it\/ro\/wp-json\/wp\/v2\/pages\/1352\/revisions\/19677"}],"wp:attachment":[{"href":"https:\/\/rentacarvenice.it\/ro\/wp-json\/wp\/v2\/media?parent=1352"}],"curies":[{"name":"wp","href":"https:\/\/api.w.org\/{rel}","templated":true}]}}